{"id":2720,"date":"2023-10-08T23:06:14","date_gmt":"2023-10-08T20:06:14","guid":{"rendered":"https:\/\/calinos.com\/new\/index.php\/cerez-politikasi\/"},"modified":"2023-11-06T00:17:10","modified_gmt":"2023-11-05T21:17:10","slug":"cookie-policy","status":"publish","type":"page","link":"https:\/\/calinos.com\/en\/cookie-policy\/","title":{"rendered":"Cookie Policy"},"content":{"rendered":"\t\t<div data-elementor-type=\"wp-page\" data-elementor-id=\"2720\" class=\"elementor elementor-2720 elementor-718\" data-elementor-post-type=\"page\">\n\t\t\t\t<div data-particle_enable=\"false\" data-particle-mobile-disabled=\"false\" class=\"elementor-element elementor-element-bdb0cc8 e-con-full e-flex e-con e-parent\" data-id=\"bdb0cc8\" data-element_type=\"container\" data-settings=\"{&quot;background_background&quot;:&quot;gradient&quot;}\">\n\t\t<div data-particle_enable=\"false\" data-particle-mobile-disabled=\"false\" class=\"elementor-element elementor-element-234eb80f e-flex e-con-boxed e-con e-child\" data-id=\"234eb80f\" data-element_type=\"container\">\n\t\t\t\t\t<div class=\"e-con-inner\">\n\t\t\t\t<div class=\"elementor-element elementor-element-162a034e elementor-widget-divider--view-line_text elementor-widget-divider--element-align-center elementor-widget elementor-widget-divider\" data-id=\"162a034e\" data-element_type=\"widget\" data-widget_type=\"divider.default\">\n\t\t\t\t<div class=\"elementor-widget-container\">\n\t\t\t\t\t\t\t<div class=\"elementor-divider\">\n\t\t\t<span class=\"elementor-divider-separator\">\n\t\t\t\t\t\t\t<span class=\"elementor-divider__text elementor-divider__element\">\n\t\t\t\tCookie Policy\t\t\t\t<\/span>\n\t\t\t\t\t\t<\/span>\n\t\t<\/div>\n\t\t\t\t\t\t<\/div>\n\t\t\t\t<\/div>\n\t\t\t\t\t<\/div>\n\t\t\t\t<\/div>\n\t\t\t\t<\/div>\n\t\t<div data-particle_enable=\"false\" data-particle-mobile-disabled=\"false\" class=\"elementor-element elementor-element-aecbb16 e-flex e-con-boxed e-con e-parent\" data-id=\"aecbb16\" data-element_type=\"container\">\n\t\t\t\t\t<div class=\"e-con-inner\">\n\t\t\t\t<div class=\"elementor-element elementor-element-fe5ae67 elementor-widget elementor-widget-text-editor\" data-id=\"fe5ae67\" data-element_type=\"widget\" data-widget_type=\"text-editor.default\">\n\t\t\t\t<div class=\"elementor-widget-container\">\n\t\t\t\t\t\t\t\t\t<p>Disclaimer<\/p><p>PROTECTION OF PERSONAL DATA<\/p><p>Calinos Holding A.\u015e., (shortly \u201cCalinos\u201d) is the data controller for the personal data in the categories of &#8220;Identity Information, Contact Information, Professional Experience Information, Customer Transaction Information and Financial Information&#8221;, contained in this e-mail or obtained by sending an e-mail by you. These personal data are the responsibility of Calinos, and may only be processed and transferred for the purpose of contacting company employees or officials in connection within the scope of company&#8217;s commercial relationship or other purposes for which you are contacted, and for the limited use of commercial information and documents for the commercial purposes of Calinos. Any use other than the stated purposes considered as against the law.<\/p><p>The personal information contained in the e-mails that you will send as a respond to this e-mail is gathered via Microsoft Exchange and processed within the scope of legitimate interests, related to establishing and fulfilling the contract within the articles 5\/2-c and 5\/2-f of Act no. 6698. It is deemed that the personal data sent by you to Calinos is obtained in accordance with the legislation and the necessary technical and administirative measures regarding this personal data, taken by yourself. The data obtained in this way can be transferred in accordance with Article 8 of the Act no. 6698. And the purpose of the relationship between the parties, business partners, suppliers, customers and group companies of Calinos. Regarding your personal data transmitted to Data Controller (Calinos) via e-mail, you can exercise your rights under Article 11 of Act no. 6698. Please find detailed information on the subject in our personal data protection policy at <a href=\"https:\/\/www.calinos.com\">www.calinos.com<\/a>.<\/p>\t\t\t\t\t\t\t\t<\/div>\n\t\t\t\t<\/div>\n\t\t\t\t\t<\/div>\n\t\t\t\t<\/div>\n\t\t\t\t<\/div>\n\t\t","protected":false},"excerpt":{"rendered":"<p>Cookie Policy Disclaimer PROTECTION OF PERSONAL DATA Calinos Holding A.\u015e., (shortly \u201cCalinos\u201d) is the data controller for the personal data in the categories of &#8220;Identity Information, Contact Information, Professional Experience Information, Customer Transaction Information and Financial Information&#8221;, contained in this e-mail or obtained by sending an e-mail by you. These personal data are the responsibility [&hellip;]<\/p>\n","protected":false},"author":1,"featured_media":0,"parent":0,"menu_order":0,"comment_status":"closed","ping_status":"open","template":"","meta":{"footnotes":""},"class_list":["post-2720","page","type-page","status-publish","hentry"],"yoast_head":"<!-- This site is optimized with the Yoast SEO plugin v26.4 - https:\/\/yoast.com\/wordpress\/plugins\/seo\/ -->\n<title>Cookie Policy - Calinos Holding<\/title>\n<meta name=\"robots\" content=\"index, follow, max-snippet:-1, max-image-preview:large, max-video-preview:-1\" \/>\n<link rel=\"canonical\" href=\"https:\/\/calinos.com\/cerez-politikasi\/\" \/>\n<meta property=\"og:locale\" content=\"en_US\" \/>\n<meta property=\"og:type\" content=\"article\" \/>\n<meta property=\"og:title\" content=\"Cookie Policy - Calinos Holding\" \/>\n<meta property=\"og:description\" content=\"Cookie Policy Disclaimer PROTECTION OF PERSONAL DATA Calinos Holding A.\u015e., (shortly \u201cCalinos\u201d) is the data controller for the personal data in the categories of &#8220;Identity Information, Contact Information, Professional Experience Information, Customer Transaction Information and Financial Information&#8221;, contained in this e-mail or obtained by sending an e-mail by you. These personal data are the responsibility [&hellip;]\" \/>\n<meta property=\"og:url\" content=\"https:\/\/calinos.com\/cerez-politikasi\/\" \/>\n<meta property=\"og:site_name\" content=\"Calinos Holding\" \/>\n<meta property=\"article:publisher\" content=\"https:\/\/www.facebook.com\/people\/Calinos-Holding\/100067890067056\/?fref=ts\" \/>\n<meta property=\"article:modified_time\" content=\"2023-11-05T21:17:10+00:00\" \/>\n<meta property=\"og:image\" content=\"https:\/\/calinos.com\/wp-content\/uploads\/2023\/09\/calinos-logo-v2.png\" \/>\n\t<meta property=\"og:image:width\" content=\"1000\" \/>\n\t<meta property=\"og:image:height\" content=\"134\" \/>\n\t<meta property=\"og:image:type\" content=\"image\/png\" \/>\n<meta name=\"twitter:card\" content=\"summary_large_image\" \/>\n<meta name=\"twitter:site\" content=\"@CalinosEnt\" \/>\n<meta name=\"twitter:label1\" content=\"Est. reading time\" \/>\n\t<meta name=\"twitter:data1\" content=\"1 minute\" \/>\n<script type=\"application\/ld+json\" class=\"yoast-schema-graph\">{\"@context\":\"https:\/\/schema.org\",\"@graph\":[{\"@type\":\"WebPage\",\"@id\":\"https:\/\/calinos.com\/cerez-politikasi\/\",\"url\":\"https:\/\/calinos.com\/cerez-politikasi\/\",\"name\":\"Cookie Policy - Calinos Holding\",\"isPartOf\":{\"@id\":\"https:\/\/calinos.com\/#website\"},\"datePublished\":\"2023-10-08T20:06:14+00:00\",\"dateModified\":\"2023-11-05T21:17:10+00:00\",\"breadcrumb\":{\"@id\":\"https:\/\/calinos.com\/cerez-politikasi\/#breadcrumb\"},\"inLanguage\":\"en-US\",\"potentialAction\":[{\"@type\":\"ReadAction\",\"target\":[\"https:\/\/calinos.com\/cerez-politikasi\/\"]}]},{\"@type\":\"BreadcrumbList\",\"@id\":\"https:\/\/calinos.com\/cerez-politikasi\/#breadcrumb\",\"itemListElement\":[{\"@type\":\"ListItem\",\"position\":1,\"name\":\"Anasayfa\",\"item\":\"https:\/\/calinos.com\/en\/\"},{\"@type\":\"ListItem\",\"position\":2,\"name\":\"Cookie Policy\"}]},{\"@type\":\"WebSite\",\"@id\":\"https:\/\/calinos.com\/#website\",\"url\":\"https:\/\/calinos.com\/\",\"name\":\"Calinos Holding\",\"description\":\"Yenilik\u00e7i, \u00f6nc\u00fc, kapsay\u0131c\u0131, kaliteli ve s\u00fcrd\u00fcr\u00fclebilir hizmet\",\"publisher\":{\"@id\":\"https:\/\/calinos.com\/#organization\"},\"potentialAction\":[{\"@type\":\"SearchAction\",\"target\":{\"@type\":\"EntryPoint\",\"urlTemplate\":\"https:\/\/calinos.com\/?s={search_term_string}\"},\"query-input\":{\"@type\":\"PropertyValueSpecification\",\"valueRequired\":true,\"valueName\":\"search_term_string\"}}],\"inLanguage\":\"en-US\"},{\"@type\":\"Organization\",\"@id\":\"https:\/\/calinos.com\/#organization\",\"name\":\"Calinos Holding\",\"url\":\"https:\/\/calinos.com\/\",\"logo\":{\"@type\":\"ImageObject\",\"inLanguage\":\"en-US\",\"@id\":\"https:\/\/calinos.com\/#\/schema\/logo\/image\/\",\"url\":\"https:\/\/calinos.com\/wp-content\/uploads\/2023\/08\/Calinos-Holding-logo.png\",\"contentUrl\":\"https:\/\/calinos.com\/wp-content\/uploads\/2023\/08\/Calinos-Holding-logo.png\",\"width\":1000,\"height\":242,\"caption\":\"Calinos Holding\"},\"image\":{\"@id\":\"https:\/\/calinos.com\/#\/schema\/logo\/image\/\"},\"sameAs\":[\"https:\/\/www.facebook.com\/people\/Calinos-Holding\/100067890067056\/?fref=ts\",\"https:\/\/x.com\/CalinosEnt\"]}]}<\/script>\n<!-- \/ Yoast SEO plugin. -->","yoast_head_json":{"title":"Cookie Policy - Calinos Holding","robots":{"index":"index","follow":"follow","max-snippet":"max-snippet:-1","max-image-preview":"max-image-preview:large","max-video-preview":"max-video-preview:-1"},"canonical":"https:\/\/calinos.com\/cerez-politikasi\/","og_locale":"en_US","og_type":"article","og_title":"Cookie Policy - Calinos Holding","og_description":"Cookie Policy Disclaimer PROTECTION OF PERSONAL DATA Calinos Holding A.\u015e., (shortly \u201cCalinos\u201d) is the data controller for the personal data in the categories of &#8220;Identity Information, Contact Information, Professional Experience Information, Customer Transaction Information and Financial Information&#8221;, contained in this e-mail or obtained by sending an e-mail by you. These personal data are the responsibility [&hellip;]","og_url":"https:\/\/calinos.com\/cerez-politikasi\/","og_site_name":"Calinos Holding","article_publisher":"https:\/\/www.facebook.com\/people\/Calinos-Holding\/100067890067056\/?fref=ts","article_modified_time":"2023-11-05T21:17:10+00:00","og_image":[{"width":1000,"height":134,"url":"https:\/\/calinos.com\/wp-content\/uploads\/2023\/09\/calinos-logo-v2.png","type":"image\/png"}],"twitter_card":"summary_large_image","twitter_site":"@CalinosEnt","twitter_misc":{"Est. reading time":"1 minute"},"schema":{"@context":"https:\/\/schema.org","@graph":[{"@type":"WebPage","@id":"https:\/\/calinos.com\/cerez-politikasi\/","url":"https:\/\/calinos.com\/cerez-politikasi\/","name":"Cookie Policy - Calinos Holding","isPartOf":{"@id":"https:\/\/calinos.com\/#website"},"datePublished":"2023-10-08T20:06:14+00:00","dateModified":"2023-11-05T21:17:10+00:00","breadcrumb":{"@id":"https:\/\/calinos.com\/cerez-politikasi\/#breadcrumb"},"inLanguage":"en-US","potentialAction":[{"@type":"ReadAction","target":["https:\/\/calinos.com\/cerez-politikasi\/"]}]},{"@type":"BreadcrumbList","@id":"https:\/\/calinos.com\/cerez-politikasi\/#breadcrumb","itemListElement":[{"@type":"ListItem","position":1,"name":"Anasayfa","item":"https:\/\/calinos.com\/en\/"},{"@type":"ListItem","position":2,"name":"Cookie Policy"}]},{"@type":"WebSite","@id":"https:\/\/calinos.com\/#website","url":"https:\/\/calinos.com\/","name":"Calinos Holding","description":"Yenilik\u00e7i, \u00f6nc\u00fc, kapsay\u0131c\u0131, kaliteli ve s\u00fcrd\u00fcr\u00fclebilir hizmet","publisher":{"@id":"https:\/\/calinos.com\/#organization"},"potentialAction":[{"@type":"SearchAction","target":{"@type":"EntryPoint","urlTemplate":"https:\/\/calinos.com\/?s={search_term_string}"},"query-input":{"@type":"PropertyValueSpecification","valueRequired":true,"valueName":"search_term_string"}}],"inLanguage":"en-US"},{"@type":"Organization","@id":"https:\/\/calinos.com\/#organization","name":"Calinos Holding","url":"https:\/\/calinos.com\/","logo":{"@type":"ImageObject","inLanguage":"en-US","@id":"https:\/\/calinos.com\/#\/schema\/logo\/image\/","url":"https:\/\/calinos.com\/wp-content\/uploads\/2023\/08\/Calinos-Holding-logo.png","contentUrl":"https:\/\/calinos.com\/wp-content\/uploads\/2023\/08\/Calinos-Holding-logo.png","width":1000,"height":242,"caption":"Calinos Holding"},"image":{"@id":"https:\/\/calinos.com\/#\/schema\/logo\/image\/"},"sameAs":["https:\/\/www.facebook.com\/people\/Calinos-Holding\/100067890067056\/?fref=ts","https:\/\/x.com\/CalinosEnt"]}]}},"_links":{"self":[{"href":"https:\/\/calinos.com\/en\/wp-json\/wp\/v2\/pages\/2720","targetHints":{"allow":["GET"]}}],"collection":[{"href":"https:\/\/calinos.com\/en\/wp-json\/wp\/v2\/pages"}],"about":[{"href":"https:\/\/calinos.com\/en\/wp-json\/wp\/v2\/types\/page"}],"author":[{"embeddable":true,"href":"https:\/\/calinos.com\/en\/wp-json\/wp\/v2\/users\/1"}],"replies":[{"embeddable":true,"href":"https:\/\/calinos.com\/en\/wp-json\/wp\/v2\/comments?post=2720"}],"version-history":[{"count":4,"href":"https:\/\/calinos.com\/en\/wp-json\/wp\/v2\/pages\/2720\/revisions"}],"predecessor-version":[{"id":2762,"href":"https:\/\/calinos.com\/en\/wp-json\/wp\/v2\/pages\/2720\/revisions\/2762"}],"wp:attachment":[{"href":"https:\/\/calinos.com\/en\/wp-json\/wp\/v2\/media?parent=2720"}],"curies":[{"name":"wp","href":"https:\/\/api.w.org\/{rel}","templated":true}]}}