{"id":2717,"date":"2023-09-11T09:27:28","date_gmt":"2023-09-11T06:27:28","guid":{"rendered":"https:\/\/calinos.com\/new\/index.php\/human-resources\/"},"modified":"2023-11-06T00:29:18","modified_gmt":"2023-11-05T21:29:18","slug":"human-resources","status":"publish","type":"page","link":"https:\/\/calinos.com\/en\/human-resources\/","title":{"rendered":"Human Resources"},"content":{"rendered":"\t\t<div data-elementor-type=\"wp-page\" data-elementor-id=\"2717\" class=\"elementor elementor-2717 elementor-47\" data-elementor-post-type=\"page\">\n\t\t\t\t<div data-particle_enable=\"false\" data-particle-mobile-disabled=\"false\" class=\"elementor-element elementor-element-d44f0e2 e-con-full e-flex e-con e-parent\" data-id=\"d44f0e2\" data-element_type=\"container\" data-settings=\"{&quot;background_background&quot;:&quot;gradient&quot;}\">\n\t\t<div data-particle_enable=\"false\" data-particle-mobile-disabled=\"false\" class=\"elementor-element elementor-element-257307f8 e-flex e-con-boxed e-con e-child\" data-id=\"257307f8\" data-element_type=\"container\">\n\t\t\t\t\t<div class=\"e-con-inner\">\n\t\t\t\t<div class=\"elementor-element elementor-element-79b8a62b elementor-widget-divider--view-line_text elementor-widget-divider--element-align-center elementor-widget elementor-widget-divider\" data-id=\"79b8a62b\" data-element_type=\"widget\" data-widget_type=\"divider.default\">\n\t\t\t\t<div class=\"elementor-widget-container\">\n\t\t\t\t\t\t\t<div class=\"elementor-divider\">\n\t\t\t<span class=\"elementor-divider-separator\">\n\t\t\t\t\t\t\t<span class=\"elementor-divider__text elementor-divider__element\">\n\t\t\t\tHuman Resources\t\t\t\t<\/span>\n\t\t\t\t\t\t<\/span>\n\t\t<\/div>\n\t\t\t\t\t\t<\/div>\n\t\t\t\t<\/div>\n\t\t\t\t\t<\/div>\n\t\t\t\t<\/div>\n\t\t\t\t<\/div>\n\t\t<div data-particle_enable=\"false\" data-particle-mobile-disabled=\"false\" class=\"elementor-element elementor-element-8c41ac4 e-flex e-con-boxed e-con e-parent\" data-id=\"8c41ac4\" data-element_type=\"container\" data-settings=\"{&quot;background_background&quot;:&quot;classic&quot;}\">\n\t\t\t\t\t<div class=\"e-con-inner\">\n\t\t<div data-particle_enable=\"false\" data-particle-mobile-disabled=\"false\" class=\"elementor-element elementor-element-7fda63f e-con-full e-flex elementor-invisible e-con e-child\" data-id=\"7fda63f\" data-element_type=\"container\" data-settings=\"{&quot;animation&quot;:&quot;fadeInLeft&quot;}\">\n\t\t\t\t<div class=\"elementor-element elementor-element-4eab55a elementor-widget elementor-widget-image\" data-id=\"4eab55a\" data-element_type=\"widget\" data-widget_type=\"image.default\">\n\t\t\t\t<div class=\"elementor-widget-container\">\n\t\t\t\t\t\t\t\t\t\t\t\t\t\t\t<img fetchpriority=\"high\" decoding=\"async\" width=\"768\" height=\"512\" src=\"https:\/\/calinos.com\/wp-content\/uploads\/2023\/10\/human-resources-v3-768x512.jpg\" class=\"attachment-medium_large size-medium_large wp-image-2465\" alt=\"\" srcset=\"https:\/\/calinos.com\/wp-content\/uploads\/2023\/10\/human-resources-v3-768x512.jpg 768w, https:\/\/calinos.com\/wp-content\/uploads\/2023\/10\/human-resources-v3-300x200.jpg 300w, https:\/\/calinos.com\/wp-content\/uploads\/2023\/10\/human-resources-v3-1024x683.jpg 1024w, https:\/\/calinos.com\/wp-content\/uploads\/2023\/10\/human-resources-v3-1536x1024.jpg 1536w, https:\/\/calinos.com\/wp-content\/uploads\/2023\/10\/human-resources-v3-2048x1366.jpg 2048w\" sizes=\"(max-width: 768px) 100vw, 768px\" \/>\t\t\t\t\t\t\t\t\t\t\t\t\t\t\t<\/div>\n\t\t\t\t<\/div>\n\t\t\t\t<\/div>\n\t\t<div data-particle_enable=\"false\" data-particle-mobile-disabled=\"false\" class=\"elementor-element elementor-element-24bc46f e-con-full e-flex elementor-invisible e-con e-child\" data-id=\"24bc46f\" data-element_type=\"container\" data-settings=\"{&quot;animation&quot;:&quot;fadeInRight&quot;}\">\n\t\t\t\t<div class=\"elementor-element elementor-element-0ecb102 elementor-widget elementor-widget-heading\" data-id=\"0ecb102\" data-element_type=\"widget\" data-widget_type=\"heading.default\">\n\t\t\t\t<div class=\"elementor-widget-container\">\n\t\t\t\t\t<h1 class=\"elementor-heading-title elementor-size-default\">At Calinos Holding, we have tried to create a Human Resources Policy that puts people at the center, provides equal opportunities to all employees, is transparent, fair, believes in lifelong learning and supports personal development.<\/h1>\t\t\t\t<\/div>\n\t\t\t\t<\/div>\n\t\t\t\t<div class=\"elementor-element elementor-element-976438e elementor-widget elementor-widget-text-editor\" data-id=\"976438e\" data-element_type=\"widget\" data-widget_type=\"text-editor.default\">\n\t\t\t\t<div class=\"elementor-widget-container\">\n\t\t\t\t\t\t\t\t\t<p>Because we know that our most important key to success is people&#8230;<\/p>\n\t\t\t\t\t\t\t\t<\/div>\n\t\t\t\t<\/div>\n\t\t\t\t<div class=\"elementor-element elementor-element-dfdd768 elementor-mobile-align-center elementor-widget elementor-widget-button\" data-id=\"dfdd768\" data-element_type=\"widget\" data-widget_type=\"button.default\">\n\t\t\t\t<div class=\"elementor-widget-container\">\n\t\t\t\t\t\t\t\t\t<div class=\"elementor-button-wrapper\">\n\t\t\t\t\t<a class=\"elementor-button elementor-button-link elementor-size-sm\" href=\"#killer\">\n\t\t\t\t\t\t<span class=\"elementor-button-content-wrapper\">\n\t\t\t\t\t\t\t\t\t<span class=\"elementor-button-text\">Join Us<\/span>\n\t\t\t\t\t<\/span>\n\t\t\t\t\t<\/a>\n\t\t\t\t<\/div>\n\t\t\t\t\t\t\t\t<\/div>\n\t\t\t\t<\/div>\n\t\t\t\t<\/div>\n\t\t\t\t\t<\/div>\n\t\t\t\t<\/div>\n\t\t<div data-particle_enable=\"false\" data-particle-mobile-disabled=\"false\" class=\"elementor-element elementor-element-7529bcf e-con-full e-flex e-con e-parent\" data-id=\"7529bcf\" data-element_type=\"container\" data-settings=\"{&quot;background_background&quot;:&quot;classic&quot;}\">\n\t\t<div data-particle_enable=\"false\" data-particle-mobile-disabled=\"false\" class=\"elementor-element elementor-element-11679ca e-flex e-con-boxed e-con e-child\" data-id=\"11679ca\" data-element_type=\"container\">\n\t\t\t\t\t<div class=\"e-con-inner\">\n\t\t<div data-particle_enable=\"false\" data-particle-mobile-disabled=\"false\" class=\"elementor-element elementor-element-cb65cbd e-con-full e-flex elementor-invisible e-con e-child\" data-id=\"cb65cbd\" data-element_type=\"container\" data-settings=\"{&quot;animation&quot;:&quot;fadeInUp&quot;}\">\n\t\t\t\t<div class=\"elementor-element elementor-element-6546f8a elementor-widget elementor-widget-heading\" data-id=\"6546f8a\" data-element_type=\"widget\" data-widget_type=\"heading.default\">\n\t\t\t\t<div class=\"elementor-widget-container\">\n\t\t\t\t\t<h2 class=\"elementor-heading-title elementor-size-default\">In Calinos, the human being is at the center.  <\/h2>\t\t\t\t<\/div>\n\t\t\t\t<\/div>\n\t\t\t\t<div class=\"elementor-element elementor-element-991fdd3 elementor-widget-divider--view-line elementor-widget elementor-widget-divider\" data-id=\"991fdd3\" data-element_type=\"widget\" data-widget_type=\"divider.default\">\n\t\t\t\t<div class=\"elementor-widget-container\">\n\t\t\t\t\t\t\t<div class=\"elementor-divider\">\n\t\t\t<span class=\"elementor-divider-separator\">\n\t\t\t\t\t\t<\/span>\n\t\t<\/div>\n\t\t\t\t\t\t<\/div>\n\t\t\t\t<\/div>\n\t\t\t\t<div class=\"elementor-element elementor-element-cd6f7fc elementor-widget elementor-widget-text-editor\" data-id=\"cd6f7fc\" data-element_type=\"widget\" data-widget_type=\"text-editor.default\">\n\t\t\t\t<div class=\"elementor-widget-container\">\n\t\t\t\t\t\t\t\t\t<p>The happiness, motivation, personal development and value creation of our employees are supported by a transparent and data-based human resources process.<\/p>\n\t\t\t\t\t\t\t\t<\/div>\n\t\t\t\t<\/div>\n\t\t\t\t<\/div>\n\t\t<div data-particle_enable=\"false\" data-particle-mobile-disabled=\"false\" class=\"elementor-element elementor-element-31c7833 e-con-full e-flex elementor-invisible e-con e-child\" data-id=\"31c7833\" data-element_type=\"container\" data-settings=\"{&quot;animation&quot;:&quot;fadeInDown&quot;}\">\n\t\t\t\t<div class=\"elementor-element elementor-element-80c09fa elementor-widget elementor-widget-text-editor\" data-id=\"80c09fa\" data-element_type=\"widget\" data-widget_type=\"text-editor.default\">\n\t\t\t\t<div class=\"elementor-widget-container\">\n\t\t\t\t\t\t\t\t\tTransparency and Accountability are our main principles. Our main goal in team motivation is a fair structure and rewarding good examples.\n\nIf you would like to be a part of this dynamic culture and work with us, please send your CV to <a href=\"mailto:insankaynaklari@calinos.com\">insankaynaklari@calinos.com<\/a>.\n\nLet&#8217;s mutually evaluate business opportunities.\t\t\t\t\t\t\t\t<\/div>\n\t\t\t\t<\/div>\n\t\t\t\t<\/div>\n\t\t\t\t\t<\/div>\n\t\t\t\t<\/div>\n\t\t\t\t<\/div>\n\t\t<div data-particle_enable=\"false\" data-particle-mobile-disabled=\"false\" class=\"elementor-element elementor-element-515dc7c e-flex e-con-boxed elementor-invisible e-con e-parent\" data-id=\"515dc7c\" data-element_type=\"container\" id=\"katil\" data-settings=\"{&quot;animation&quot;:&quot;fadeInUp&quot;}\">\n\t\t\t\t\t<div class=\"e-con-inner\">\n\t\t\t\t<div class=\"elementor-element elementor-element-e5488d7 eael-fluentform-form-button-custom elementor-widget elementor-widget-eael-fluentform\" data-id=\"e5488d7\" data-element_type=\"widget\" data-widget_type=\"eael-fluentform.default\">\n\t\t\t\t<div class=\"elementor-widget-container\">\n\t\t\t\t\t        <div class=\"eael-contact-form eael-fluent-form-wrapper clearfix eael-contact-form-align-default\">\n\n                            <div class=\"eael-fluentform-heading\">\n                                            <h3 class=\"eael-contact-form-title eael-fluentform-title\">\n                            Contact us                        <\/h3>\n                                                        <\/div>\n            \n            <div class='fluentform ff-default fluentform_wrapper_3 ffs_default_wrap'><form data-form_id=\"3\" id=\"fluentform_3\" class=\"frm-fluent-form fluent_form_3 ff-el-form-top ff_form_instance_3_1 ff-form-loading ffs_default\" data-form_instance=\"ff_form_instance_3_1\" method=\"POST\" ><fieldset  style=\"border: none!important;margin: 0!important;padding: 0!important;background-color: transparent!important;box-shadow: none!important;outline: none!important; min-inline-size: 100%;\">\n                    <legend class=\"ff_screen_reader_title\" style=\"display: block; margin: 0!important;padding: 0!important;height: 0!important;text-indent: -999999px;width: 0!important;overflow:hidden;\">\u0130leti\u015fim-ENG<\/legend><input type='hidden' name='__fluent_form_embded_post_id' value='2717' \/><input type=\"hidden\" id=\"_fluentform_3_fluentformnonce\" name=\"_fluentform_3_fluentformnonce\" value=\"eb17d192fc\" \/><input type=\"hidden\" name=\"_wp_http_referer\" value=\"\/en\/wp-json\/wp\/v2\/pages\/2717\" \/><div data-type=\"name-element\" data-name=\"names\" class=\" ff-field_container ff-name-field-wrapper\" ><div class='ff-t-container'><div class='ff-t-cell '><div class='ff-el-group'><div class=\"ff-el-input--label asterisk-right\"><label for='ff_3_names_first_name_' id='label_ff_3_names_first_name_' >Name<\/label><\/div><div class='ff-el-input--content'><input type=\"text\" name=\"names[first_name]\" id=\"ff_3_names_first_name_\" class=\"ff-el-form-control\" placeholder=\"Name\" aria-invalid=\"false\" aria-required=false><\/div><\/div><\/div><div class='ff-t-cell '><div class='ff-el-group'><div class=\"ff-el-input--label asterisk-right\"><label for='ff_3_names_last_name_' id='label_ff_3_names_last_name_' >Surname<\/label><\/div><div class='ff-el-input--content'><input type=\"text\" name=\"names[last_name]\" id=\"ff_3_names_last_name_\" class=\"ff-el-form-control\" placeholder=\"Surname\" aria-invalid=\"false\" aria-required=false><\/div><\/div><\/div><\/div><\/div><div class='ff-el-group'><div class=\"ff-el-input--label ff-el-is-required asterisk-right\"><label for='ff_3_email' id='label_ff_3_email' aria-label=\"Email\">Email<\/label><\/div><div class='ff-el-input--content'><input type=\"email\" name=\"email\" id=\"ff_3_email\" class=\"ff-el-form-control\" placeholder=\"E-Mail Address\" data-name=\"email\"  aria-invalid=\"false\" aria-required=true><\/div><\/div><div class='ff-el-group'><div class=\"ff-el-input--label ff-el-is-required asterisk-right\"><label for='ff_3_message' id='label_ff_3_message' aria-label=\"Your message\">Your message<\/label><\/div><div class='ff-el-input--content'><textarea aria-required=\"true\" aria-labelledby=\"label_ff_3_message\" name=\"message\" id=\"ff_3_message\" class=\"ff-el-form-control\" placeholder=\"Your message\" rows=\"4\" cols=\"2\" data-name=\"message\" ><\/textarea><\/div><\/div><div class='ff-el-group    ff-el-input--content'><div class='ff-el-form-check ff-el-tc'><label aria-label='Terms and Conditions: I have read and accept the Terms and Conditions and Privacy Policy Contains 1 link. Use tab navigation to review.' class='ff-el-form-check-label ff_tc_label' for=terms-n-condition_fbc26f5c4cf7857d9afc692004e28400><span class='ff_tc_checkbox'><input type=\"checkbox\" name=\"terms-n-condition\" class=\"ff-el-form-check-input\" data-name=\"terms-n-condition\" id=\"terms-n-condition_fbc26f5c4cf7857d9afc692004e28400\"  value='on' aria-invalid='false' aria-required=true><\/span> <div class='ff_t_c'><p>I have read and accept the <a href=\"https:\/\/www.calinos.com\/en\/kvkk-privacy-policy\/\">Terms and Conditions and Privacy Policy<\/a><\/p><\/div><\/label><\/div><\/div><div class='ff-el-group    ff-el-input--content'><div class='ff-el-form-check ff-el-tc'><label aria-label='I consent to this website storing my submitted information so they can respond to my question' class='ff-el-form-check-label ff_tc_label' for=gdpr-agreement_41269be68fa93b3b1a12f1691a69a518><span class='ff_tc_checkbox'><input type=\"checkbox\" name=\"gdpr-agreement\" class=\"ff-el-form-check-input ff_gdpr_field\" data-name=\"gdpr-agreement\" id=\"gdpr-agreement_41269be68fa93b3b1a12f1691a69a518\"  value='on' aria-invalid='false' aria-required=true><\/span> <div class='ff_t_c'>I consent to this website storing my submitted information so they can respond to my question<\/div><\/label><\/div><\/div><div class='ff-el-group ff-text-left ff_submit_btn_wrapper ff_submit_btn_wrapper_custom'><button class=\"ff-btn ff-btn-submit ff-btn-md ff_btn_style wpf_has_custom_css\" type=\"submit\" name=\"custom_submit_button-3_1\" data-name=\"custom_submit_button-3_1\"  aria-label=\"Submit\">Submit<\/button><style>form.fluent_form_3 .wpf_has_custom_css.ff-btn-submit { background-color:#1a7efb;border-color:#1a7efb;color:#ffffff;min-width:100%; }form.fluent_form_3 .wpf_has_custom_css.ff-btn-submit:hover { background-color:#ffffff;border-color:#1a7efb;color:#1a7efb;min-width:100%; } <\/style><\/div><\/fieldset><\/form><div id='fluentform_3_errors' class='ff-errors-in-stack ff_form_instance_3_1 ff-form-loading_errors ff_form_instance_3_1_errors'><\/div><\/div>            <script type=\"text\/javascript\">\n                window.fluent_form_ff_form_instance_3_1 = {\"id\":\"3\",\"settings\":{\"layout\":{\"labelPlacement\":\"top\",\"helpMessagePlacement\":\"with_label\",\"errorMessagePlacement\":\"inline\",\"cssClassName\":\"\",\"asteriskPlacement\":\"asterisk-right\"},\"restrictions\":{\"denyEmptySubmission\":{\"enabled\":false}}},\"form_instance\":\"ff_form_instance_3_1\",\"form_id_selector\":\"fluentform_3\",\"rules\":{\"names[first_name]\":{\"required\":{\"value\":false,\"message\":\"This field is required\",\"global\":false,\"global_message\":\"This field is required\"}},\"names[middle_name]\":{\"required\":{\"value\":false,\"message\":\"This field is required\",\"global\":false,\"global_message\":\"This field is required\"}},\"names[last_name]\":{\"required\":{\"value\":false,\"message\":\"This field is required\",\"global\":false,\"global_message\":\"This field is required\"}},\"email\":{\"required\":{\"value\":true,\"message\":\"This field is required\",\"global\":false,\"global_message\":\"This field is required\"},\"email\":{\"value\":true,\"message\":\"This field must contain a valid email\",\"global\":false,\"global_message\":\"This field must contain a valid email\"}},\"message\":{\"required\":{\"value\":true,\"message\":\"This field is required\",\"global\":false,\"global_message\":\"This field is required\"}},\"terms-n-condition\":{\"required\":{\"value\":true,\"message\":\"Bu alan gereklidir\",\"global\":false,\"global_message\":\"This field is required\"}},\"gdpr-agreement\":{\"required\":{\"value\":true,\"message\":\"This field is required\",\"global\":false,\"global_message\":\"This field is required\"}}},\"debounce_time\":300};\n                            <\/script>\n                    <\/div>\n\n        \t\t\t\t<\/div>\n\t\t\t\t<\/div>\n\t\t\t\t\t<\/div>\n\t\t\t\t<\/div>\n\t\t\t\t<\/div>\n\t\t","protected":false},"excerpt":{"rendered":"<p>Human Resources At Calinos Holding, we have tried to create a Human Resources Policy that puts people at the center, provides equal opportunities to all employees, is transparent, fair, believes in lifelong learning and supports personal development. Because we know that our most important key to success is people&#8230; Join Us In Calinos, the human [&hellip;]<\/p>\n","protected":false},"author":1,"featured_media":0,"parent":0,"menu_order":0,"comment_status":"closed","ping_status":"closed","template":"","meta":{"footnotes":""},"class_list":["post-2717","page","type-page","status-publish","hentry"],"yoast_head":"<!-- This site is optimized with the Yoast SEO plugin v26.4 - https:\/\/yoast.com\/wordpress\/plugins\/seo\/ -->\n<title>Human Resources - Calinos Holding<\/title>\n<meta name=\"robots\" content=\"index, follow, max-snippet:-1, max-image-preview:large, max-video-preview:-1\" \/>\n<link rel=\"canonical\" href=\"https:\/\/calinos.com\/insan-kaynaklari\/\" \/>\n<meta property=\"og:locale\" content=\"en_US\" \/>\n<meta property=\"og:type\" content=\"article\" \/>\n<meta property=\"og:title\" content=\"Human Resources - Calinos Holding\" \/>\n<meta property=\"og:description\" content=\"Human Resources At Calinos Holding, we have tried to create a Human Resources Policy that puts people at the center, provides equal opportunities to all employees, is transparent, fair, believes in lifelong learning and supports personal development. Because we know that our most important key to success is people&#8230; Join Us In Calinos, the human [&hellip;]\" \/>\n<meta property=\"og:url\" content=\"https:\/\/calinos.com\/insan-kaynaklari\/\" \/>\n<meta property=\"og:site_name\" content=\"Calinos Holding\" \/>\n<meta property=\"article:publisher\" content=\"https:\/\/www.facebook.com\/people\/Calinos-Holding\/100067890067056\/?fref=ts\" \/>\n<meta property=\"article:modified_time\" content=\"2023-11-05T21:29:18+00:00\" \/>\n<meta property=\"og:image\" content=\"https:\/\/calinos.com\/new\/wp-content\/uploads\/2023\/10\/human-resources-v3-768x512.jpg\" \/>\n<meta name=\"twitter:card\" content=\"summary_large_image\" \/>\n<meta name=\"twitter:site\" content=\"@CalinosEnt\" \/>\n<meta name=\"twitter:label1\" content=\"Est. reading time\" \/>\n\t<meta name=\"twitter:data1\" content=\"1 minute\" \/>\n<script type=\"application\/ld+json\" class=\"yoast-schema-graph\">{\"@context\":\"https:\/\/schema.org\",\"@graph\":[{\"@type\":\"WebPage\",\"@id\":\"https:\/\/calinos.com\/insan-kaynaklari\/\",\"url\":\"https:\/\/calinos.com\/insan-kaynaklari\/\",\"name\":\"Human Resources - Calinos Holding\",\"isPartOf\":{\"@id\":\"https:\/\/calinos.com\/#website\"},\"primaryImageOfPage\":{\"@id\":\"https:\/\/calinos.com\/insan-kaynaklari\/#primaryimage\"},\"image\":{\"@id\":\"https:\/\/calinos.com\/insan-kaynaklari\/#primaryimage\"},\"thumbnailUrl\":\"https:\/\/calinos.com\/new\/wp-content\/uploads\/2023\/10\/human-resources-v3-768x512.jpg\",\"datePublished\":\"2023-09-11T06:27:28+00:00\",\"dateModified\":\"2023-11-05T21:29:18+00:00\",\"breadcrumb\":{\"@id\":\"https:\/\/calinos.com\/insan-kaynaklari\/#breadcrumb\"},\"inLanguage\":\"en-US\",\"potentialAction\":[{\"@type\":\"ReadAction\",\"target\":[\"https:\/\/calinos.com\/insan-kaynaklari\/\"]}]},{\"@type\":\"ImageObject\",\"inLanguage\":\"en-US\",\"@id\":\"https:\/\/calinos.com\/insan-kaynaklari\/#primaryimage\",\"url\":\"https:\/\/calinos.com\/new\/wp-content\/uploads\/2023\/10\/human-resources-v3-768x512.jpg\",\"contentUrl\":\"https:\/\/calinos.com\/new\/wp-content\/uploads\/2023\/10\/human-resources-v3-768x512.jpg\"},{\"@type\":\"BreadcrumbList\",\"@id\":\"https:\/\/calinos.com\/insan-kaynaklari\/#breadcrumb\",\"itemListElement\":[{\"@type\":\"ListItem\",\"position\":1,\"name\":\"Anasayfa\",\"item\":\"https:\/\/calinos.com\/en\/\"},{\"@type\":\"ListItem\",\"position\":2,\"name\":\"Human Resources\"}]},{\"@type\":\"WebSite\",\"@id\":\"https:\/\/calinos.com\/#website\",\"url\":\"https:\/\/calinos.com\/\",\"name\":\"Calinos Holding\",\"description\":\"Yenilik\u00e7i, \u00f6nc\u00fc, kapsay\u0131c\u0131, kaliteli ve s\u00fcrd\u00fcr\u00fclebilir hizmet\",\"publisher\":{\"@id\":\"https:\/\/calinos.com\/#organization\"},\"potentialAction\":[{\"@type\":\"SearchAction\",\"target\":{\"@type\":\"EntryPoint\",\"urlTemplate\":\"https:\/\/calinos.com\/?s={search_term_string}\"},\"query-input\":{\"@type\":\"PropertyValueSpecification\",\"valueRequired\":true,\"valueName\":\"search_term_string\"}}],\"inLanguage\":\"en-US\"},{\"@type\":\"Organization\",\"@id\":\"https:\/\/calinos.com\/#organization\",\"name\":\"Calinos Holding\",\"url\":\"https:\/\/calinos.com\/\",\"logo\":{\"@type\":\"ImageObject\",\"inLanguage\":\"en-US\",\"@id\":\"https:\/\/calinos.com\/#\/schema\/logo\/image\/\",\"url\":\"https:\/\/calinos.com\/wp-content\/uploads\/2023\/08\/Calinos-Holding-logo.png\",\"contentUrl\":\"https:\/\/calinos.com\/wp-content\/uploads\/2023\/08\/Calinos-Holding-logo.png\",\"width\":1000,\"height\":242,\"caption\":\"Calinos Holding\"},\"image\":{\"@id\":\"https:\/\/calinos.com\/#\/schema\/logo\/image\/\"},\"sameAs\":[\"https:\/\/www.facebook.com\/people\/Calinos-Holding\/100067890067056\/?fref=ts\",\"https:\/\/x.com\/CalinosEnt\"]}]}<\/script>\n<!-- \/ Yoast SEO plugin. -->","yoast_head_json":{"title":"Human Resources - Calinos Holding","robots":{"index":"index","follow":"follow","max-snippet":"max-snippet:-1","max-image-preview":"max-image-preview:large","max-video-preview":"max-video-preview:-1"},"canonical":"https:\/\/calinos.com\/insan-kaynaklari\/","og_locale":"en_US","og_type":"article","og_title":"Human Resources - Calinos Holding","og_description":"Human Resources At Calinos Holding, we have tried to create a Human Resources Policy that puts people at the center, provides equal opportunities to all employees, is transparent, fair, believes in lifelong learning and supports personal development. Because we know that our most important key to success is people&#8230; Join Us In Calinos, the human [&hellip;]","og_url":"https:\/\/calinos.com\/insan-kaynaklari\/","og_site_name":"Calinos Holding","article_publisher":"https:\/\/www.facebook.com\/people\/Calinos-Holding\/100067890067056\/?fref=ts","article_modified_time":"2023-11-05T21:29:18+00:00","og_image":[{"url":"https:\/\/calinos.com\/new\/wp-content\/uploads\/2023\/10\/human-resources-v3-768x512.jpg","type":"","width":"","height":""}],"twitter_card":"summary_large_image","twitter_site":"@CalinosEnt","twitter_misc":{"Est. reading time":"1 minute"},"schema":{"@context":"https:\/\/schema.org","@graph":[{"@type":"WebPage","@id":"https:\/\/calinos.com\/insan-kaynaklari\/","url":"https:\/\/calinos.com\/insan-kaynaklari\/","name":"Human Resources - Calinos Holding","isPartOf":{"@id":"https:\/\/calinos.com\/#website"},"primaryImageOfPage":{"@id":"https:\/\/calinos.com\/insan-kaynaklari\/#primaryimage"},"image":{"@id":"https:\/\/calinos.com\/insan-kaynaklari\/#primaryimage"},"thumbnailUrl":"https:\/\/calinos.com\/new\/wp-content\/uploads\/2023\/10\/human-resources-v3-768x512.jpg","datePublished":"2023-09-11T06:27:28+00:00","dateModified":"2023-11-05T21:29:18+00:00","breadcrumb":{"@id":"https:\/\/calinos.com\/insan-kaynaklari\/#breadcrumb"},"inLanguage":"en-US","potentialAction":[{"@type":"ReadAction","target":["https:\/\/calinos.com\/insan-kaynaklari\/"]}]},{"@type":"ImageObject","inLanguage":"en-US","@id":"https:\/\/calinos.com\/insan-kaynaklari\/#primaryimage","url":"https:\/\/calinos.com\/new\/wp-content\/uploads\/2023\/10\/human-resources-v3-768x512.jpg","contentUrl":"https:\/\/calinos.com\/new\/wp-content\/uploads\/2023\/10\/human-resources-v3-768x512.jpg"},{"@type":"BreadcrumbList","@id":"https:\/\/calinos.com\/insan-kaynaklari\/#breadcrumb","itemListElement":[{"@type":"ListItem","position":1,"name":"Anasayfa","item":"https:\/\/calinos.com\/en\/"},{"@type":"ListItem","position":2,"name":"Human Resources"}]},{"@type":"WebSite","@id":"https:\/\/calinos.com\/#website","url":"https:\/\/calinos.com\/","name":"Calinos Holding","description":"Yenilik\u00e7i, \u00f6nc\u00fc, kapsay\u0131c\u0131, kaliteli ve s\u00fcrd\u00fcr\u00fclebilir hizmet","publisher":{"@id":"https:\/\/calinos.com\/#organization"},"potentialAction":[{"@type":"SearchAction","target":{"@type":"EntryPoint","urlTemplate":"https:\/\/calinos.com\/?s={search_term_string}"},"query-input":{"@type":"PropertyValueSpecification","valueRequired":true,"valueName":"search_term_string"}}],"inLanguage":"en-US"},{"@type":"Organization","@id":"https:\/\/calinos.com\/#organization","name":"Calinos Holding","url":"https:\/\/calinos.com\/","logo":{"@type":"ImageObject","inLanguage":"en-US","@id":"https:\/\/calinos.com\/#\/schema\/logo\/image\/","url":"https:\/\/calinos.com\/wp-content\/uploads\/2023\/08\/Calinos-Holding-logo.png","contentUrl":"https:\/\/calinos.com\/wp-content\/uploads\/2023\/08\/Calinos-Holding-logo.png","width":1000,"height":242,"caption":"Calinos Holding"},"image":{"@id":"https:\/\/calinos.com\/#\/schema\/logo\/image\/"},"sameAs":["https:\/\/www.facebook.com\/people\/Calinos-Holding\/100067890067056\/?fref=ts","https:\/\/x.com\/CalinosEnt"]}]}},"_links":{"self":[{"href":"https:\/\/calinos.com\/en\/wp-json\/wp\/v2\/pages\/2717","targetHints":{"allow":["GET"]}}],"collection":[{"href":"https:\/\/calinos.com\/en\/wp-json\/wp\/v2\/pages"}],"about":[{"href":"https:\/\/calinos.com\/en\/wp-json\/wp\/v2\/types\/page"}],"author":[{"embeddable":true,"href":"https:\/\/calinos.com\/en\/wp-json\/wp\/v2\/users\/1"}],"replies":[{"embeddable":true,"href":"https:\/\/calinos.com\/en\/wp-json\/wp\/v2\/comments?post=2717"}],"version-history":[{"count":4,"href":"https:\/\/calinos.com\/en\/wp-json\/wp\/v2\/pages\/2717\/revisions"}],"predecessor-version":[{"id":2769,"href":"https:\/\/calinos.com\/en\/wp-json\/wp\/v2\/pages\/2717\/revisions\/2769"}],"wp:attachment":[{"href":"https:\/\/calinos.com\/en\/wp-json\/wp\/v2\/media?parent=2717"}],"curies":[{"name":"wp","href":"https:\/\/api.w.org\/{rel}","templated":true}]}}