{"id":2690,"date":"2023-09-11T09:27:39","date_gmt":"2023-09-11T06:27:39","guid":{"rendered":"https:\/\/calinos.com\/new\/index.php\/contact-us\/"},"modified":"2023-11-04T09:25:41","modified_gmt":"2023-11-04T06:25:41","slug":"contact-us","status":"publish","type":"page","link":"https:\/\/calinos.com\/en\/contact-us\/","title":{"rendered":"Contact us"},"content":{"rendered":"\t\t<div data-elementor-type=\"wp-page\" data-elementor-id=\"2690\" class=\"elementor elementor-2690 elementor-49\" data-elementor-post-type=\"page\">\n\t\t\t\t<div data-particle_enable=\"false\" data-particle-mobile-disabled=\"false\" class=\"elementor-element elementor-element-2160b31 e-con-full e-flex e-con e-parent\" data-id=\"2160b31\" data-element_type=\"container\" data-settings=\"{&quot;background_background&quot;:&quot;gradient&quot;}\">\n\t\t<div data-particle_enable=\"false\" data-particle-mobile-disabled=\"false\" class=\"elementor-element elementor-element-3f632a49 e-flex e-con-boxed e-con e-child\" data-id=\"3f632a49\" data-element_type=\"container\">\n\t\t\t\t\t<div class=\"e-con-inner\">\n\t\t\t\t<div class=\"elementor-element elementor-element-eb9efa6 elementor-widget-divider--view-line_text elementor-widget-divider--element-align-center elementor-widget elementor-widget-divider\" data-id=\"eb9efa6\" data-element_type=\"widget\" data-widget_type=\"divider.default\">\n\t\t\t\t<div class=\"elementor-widget-container\">\n\t\t\t\t\t\t\t<div class=\"elementor-divider\">\n\t\t\t<span class=\"elementor-divider-separator\">\n\t\t\t\t\t\t\t<span class=\"elementor-divider__text elementor-divider__element\">\n\t\t\t\tContact us\t\t\t\t<\/span>\n\t\t\t\t\t\t<\/span>\n\t\t<\/div>\n\t\t\t\t\t\t<\/div>\n\t\t\t\t<\/div>\n\t\t\t\t\t<\/div>\n\t\t\t\t<\/div>\n\t\t\t\t<\/div>\n\t\t<div data-particle_enable=\"false\" data-particle-mobile-disabled=\"false\" class=\"elementor-element elementor-element-b04a886 e-flex e-con-boxed e-con e-parent\" data-id=\"b04a886\" data-element_type=\"container\" data-settings=\"{&quot;background_background&quot;:&quot;classic&quot;}\">\n\t\t\t\t\t<div class=\"e-con-inner\">\n\t\t<div data-particle_enable=\"false\" data-particle-mobile-disabled=\"false\" class=\"elementor-element elementor-element-24266db e-con-full e-flex elementor-invisible e-con e-child\" data-id=\"24266db\" data-element_type=\"container\" data-settings=\"{&quot;background_background&quot;:&quot;classic&quot;,&quot;animation&quot;:&quot;fadeInLeft&quot;}\">\n\t\t\t\t<div class=\"elementor-element elementor-element-a153ef6 e-grid-align-left e-grid-align-mobile-center elementor-shape-rounded elementor-grid-0 elementor-widget elementor-widget-social-icons\" data-id=\"a153ef6\" data-element_type=\"widget\" data-widget_type=\"social-icons.default\">\n\t\t\t\t<div class=\"elementor-widget-container\">\n\t\t\t\t\t\t\t<div class=\"elementor-social-icons-wrapper elementor-grid\" role=\"list\">\n\t\t\t\t\t\t\t<span class=\"elementor-grid-item\" role=\"listitem\">\n\t\t\t\t\t<a class=\"elementor-icon elementor-social-icon elementor-social-icon-facebook elementor-repeater-item-2f55736\" href=\"https:\/\/www.facebook.com\/profile.php?id=100067890067056&#038;fref=ts\">\n\t\t\t\t\t\t<span class=\"elementor-screen-only\">Facebook<\/span>\n\t\t\t\t\t\t<i aria-hidden=\"true\" class=\"fab fa-facebook\"><\/i>\t\t\t\t\t<\/a>\n\t\t\t\t<\/span>\n\t\t\t\t\t\t\t<span class=\"elementor-grid-item\" role=\"listitem\">\n\t\t\t\t\t<a class=\"elementor-icon elementor-social-icon elementor-social-icon-twitter elementor-repeater-item-17c4ad6\" href=\"https:\/\/twitter.com\/CalinosEnt\">\n\t\t\t\t\t\t<span class=\"elementor-screen-only\">Twitter<\/span>\n\t\t\t\t\t\t<i aria-hidden=\"true\" class=\"fab fa-twitter\"><\/i>\t\t\t\t\t<\/a>\n\t\t\t\t<\/span>\n\t\t\t\t\t\t\t<span class=\"elementor-grid-item\" role=\"listitem\">\n\t\t\t\t\t<a class=\"elementor-icon elementor-social-icon elementor-social-icon-linkedin elementor-repeater-item-9083030\" href=\"https:\/\/www.linkedin.com\/company\/calinos-entertainment-istanbul\/\">\n\t\t\t\t\t\t<span class=\"elementor-screen-only\">Linkedin<\/span>\n\t\t\t\t\t\t<i aria-hidden=\"true\" class=\"fab fa-linkedin\"><\/i>\t\t\t\t\t<\/a>\n\t\t\t\t<\/span>\n\t\t\t\t\t<\/div>\n\t\t\t\t\t\t<\/div>\n\t\t\t\t<\/div>\n\t\t\t\t<\/div>\n\t\t<div data-particle_enable=\"false\" data-particle-mobile-disabled=\"false\" class=\"elementor-element elementor-element-c89dd2e e-con-full e-flex elementor-invisible e-con e-child\" data-id=\"c89dd2e\" data-element_type=\"container\" data-settings=\"{&quot;background_background&quot;:&quot;classic&quot;,&quot;animation&quot;:&quot;slideInUp&quot;}\">\n\t\t\t\t<div class=\"elementor-element elementor-element-0ce430b elementor-widget elementor-widget-heading\" data-id=\"0ce430b\" data-element_type=\"widget\" data-widget_type=\"heading.default\">\n\t\t\t\t<div class=\"elementor-widget-container\">\n\t\t\t\t\t<h2 class=\"elementor-heading-title elementor-size-default\">Contact Information<\/h2>\t\t\t\t<\/div>\n\t\t\t\t<\/div>\n\t\t\t\t<div class=\"elementor-element elementor-element-da987f5 elementor-widget-divider--view-line elementor-widget elementor-widget-divider\" data-id=\"da987f5\" data-element_type=\"widget\" data-widget_type=\"divider.default\">\n\t\t\t\t<div class=\"elementor-widget-container\">\n\t\t\t\t\t\t\t<div class=\"elementor-divider\">\n\t\t\t<span class=\"elementor-divider-separator\">\n\t\t\t\t\t\t<\/span>\n\t\t<\/div>\n\t\t\t\t\t\t<\/div>\n\t\t\t\t<\/div>\n\t\t\t\t<div class=\"elementor-element elementor-element-6f118d7 elementor-position-left elementor-view-stacked elementor-shape-circle elementor-mobile-position-top elementor-widget elementor-widget-icon-box\" data-id=\"6f118d7\" data-element_type=\"widget\" data-widget_type=\"icon-box.default\">\n\t\t\t\t<div class=\"elementor-widget-container\">\n\t\t\t\t\t\t\t<div class=\"elementor-icon-box-wrapper\">\n\n\t\t\t\t\t\t<div class=\"elementor-icon-box-icon\">\n\t\t\t\t<span  class=\"elementor-icon\">\n\t\t\t\t<i aria-hidden=\"true\" class=\"far fa-building\"><\/i>\t\t\t\t<\/span>\n\t\t\t<\/div>\n\t\t\t\n\t\t\t\t\t\t<div class=\"elementor-icon-box-content\">\n\n\t\t\t\t\t\t\t\t\t<h4 class=\"elementor-icon-box-title\">\n\t\t\t\t\t\t<span  >\n\t\t\t\t\t\t\tAddress\t\t\t\t\t\t<\/span>\n\t\t\t\t\t<\/h4>\n\t\t\t\t\n\t\t\t\t\t\t\t\t\t<p class=\"elementor-icon-box-description\">\n\t\t\t\t\t\tKavac\u0131k Mah. Ekinciler Cad. Elbistan \u00c7\u0131kmaz\u0131 Sok. No:6 Beykoz, Istanbul \/ TURKEY\t\t\t\t\t<\/p>\n\t\t\t\t\n\t\t\t<\/div>\n\t\t\t\n\t\t<\/div>\n\t\t\t\t\t\t<\/div>\n\t\t\t\t<\/div>\n\t\t\t\t<div class=\"elementor-element elementor-element-24f6dbd elementor-position-left elementor-view-stacked elementor-shape-circle elementor-mobile-position-top elementor-widget elementor-widget-icon-box\" data-id=\"24f6dbd\" data-element_type=\"widget\" data-widget_type=\"icon-box.default\">\n\t\t\t\t<div class=\"elementor-widget-container\">\n\t\t\t\t\t\t\t<div class=\"elementor-icon-box-wrapper\">\n\n\t\t\t\t\t\t<div class=\"elementor-icon-box-icon\">\n\t\t\t\t<span  class=\"elementor-icon\">\n\t\t\t\t<i aria-hidden=\"true\" class=\"fas fa-phone-volume\"><\/i>\t\t\t\t<\/span>\n\t\t\t<\/div>\n\t\t\t\n\t\t\t\t\t\t<div class=\"elementor-icon-box-content\">\n\n\t\t\t\t\t\t\t\t\t<h4 class=\"elementor-icon-box-title\">\n\t\t\t\t\t\t<span  >\n\t\t\t\t\t\t\tTelephone\t\t\t\t\t\t<\/span>\n\t\t\t\t\t<\/h4>\n\t\t\t\t\n\t\t\t\t\t\t\t\t\t<p class=\"elementor-icon-box-description\">\n\t\t\t\t\t\t+90 (216) 999 4 999\t\t\t\t\t<\/p>\n\t\t\t\t\n\t\t\t<\/div>\n\t\t\t\n\t\t<\/div>\n\t\t\t\t\t\t<\/div>\n\t\t\t\t<\/div>\n\t\t\t\t<div class=\"elementor-element elementor-element-0304a96 elementor-position-left elementor-view-stacked elementor-shape-circle elementor-mobile-position-top elementor-widget elementor-widget-icon-box\" data-id=\"0304a96\" data-element_type=\"widget\" data-widget_type=\"icon-box.default\">\n\t\t\t\t<div class=\"elementor-widget-container\">\n\t\t\t\t\t\t\t<div class=\"elementor-icon-box-wrapper\">\n\n\t\t\t\t\t\t<div class=\"elementor-icon-box-icon\">\n\t\t\t\t<span  class=\"elementor-icon\">\n\t\t\t\t<i aria-hidden=\"true\" class=\"far fa-envelope-open\"><\/i>\t\t\t\t<\/span>\n\t\t\t<\/div>\n\t\t\t\n\t\t\t\t\t\t<div class=\"elementor-icon-box-content\">\n\n\t\t\t\t\t\t\t\t\t<h4 class=\"elementor-icon-box-title\">\n\t\t\t\t\t\t<span  >\n\t\t\t\t\t\t\tE Mail\t\t\t\t\t\t<\/span>\n\t\t\t\t\t<\/h4>\n\t\t\t\t\n\t\t\t\t\t\t\t\t\t<p class=\"elementor-icon-box-description\">\n\t\t\t\t\t\tbilgi@calinos.com\t\t\t\t\t<\/p>\n\t\t\t\t\n\t\t\t<\/div>\n\t\t\t\n\t\t<\/div>\n\t\t\t\t\t\t<\/div>\n\t\t\t\t<\/div>\n\t\t\t\t<\/div>\n\t\t<div data-particle_enable=\"false\" data-particle-mobile-disabled=\"false\" class=\"elementor-element elementor-element-bfff84b e-con-full e-flex elementor-invisible e-con e-child\" data-id=\"bfff84b\" data-element_type=\"container\" data-settings=\"{&quot;animation&quot;:&quot;fadeInRight&quot;}\">\n\t\t\t\t<div class=\"elementor-element elementor-element-eee294a elementor-widget elementor-widget-google_maps\" data-id=\"eee294a\" data-element_type=\"widget\" data-widget_type=\"google_maps.default\">\n\t\t\t\t<div class=\"elementor-widget-container\">\n\t\t\t\t\t\t\t<div class=\"elementor-custom-embed\">\n\t\t\t<iframe loading=\"lazy\"\n\t\t\t\t\tsrc=\"https:\/\/www.google.com\/maps\/embed\/v1\/place?key=AIzaSyC9IkawpnUcFQcVi8t9LihG6scXPGXoFT0&#038;q=calinos%20holding&#038;zoom=14\"\n\t\t\t\t\ttitle=\"calinos holding\"\n\t\t\t\t\taria-label=\"calinos holding\"\n\t\t\t><\/iframe>\n\t\t<\/div>\n\t\t\t\t\t\t<\/div>\n\t\t\t\t<\/div>\n\t\t\t\t<\/div>\n\t\t\t\t\t<\/div>\n\t\t\t\t<\/div>\n\t\t\t\t<\/div>\n\t\t","protected":false},"excerpt":{"rendered":"<p>Contact us Facebook Twitter Linkedin Contact Information Address Kavac\u0131k Mah. Ekinciler Cad. Elbistan \u00c7\u0131kmaz\u0131 Sok. No:6 Beykoz, Istanbul \/ TURKEY Telephone +90 (216) 999 4 999 E Mail bilgi@calinos.com<\/p>\n","protected":false},"author":1,"featured_media":0,"parent":0,"menu_order":0,"comment_status":"closed","ping_status":"closed","template":"","meta":{"footnotes":""},"class_list":["post-2690","page","type-page","status-publish","hentry"],"yoast_head":"<!-- This site is optimized with the Yoast SEO plugin v26.4 - https:\/\/yoast.com\/wordpress\/plugins\/seo\/ -->\n<title>Contact us - Calinos Holding<\/title>\n<meta name=\"robots\" content=\"index, follow, max-snippet:-1, max-image-preview:large, max-video-preview:-1\" \/>\n<link rel=\"canonical\" href=\"https:\/\/calinos.com\/bize-ulasin\/\" \/>\n<meta property=\"og:locale\" content=\"en_US\" \/>\n<meta property=\"og:type\" content=\"article\" \/>\n<meta property=\"og:title\" content=\"Contact us - Calinos Holding\" \/>\n<meta property=\"og:description\" content=\"Contact us Facebook Twitter Linkedin Contact Information Address Kavac\u0131k Mah. Ekinciler Cad. Elbistan \u00c7\u0131kmaz\u0131 Sok. No:6 Beykoz, Istanbul \/ TURKEY Telephone +90 (216) 999 4 999 E Mail bilgi@calinos.com\" \/>\n<meta property=\"og:url\" content=\"https:\/\/calinos.com\/bize-ulasin\/\" \/>\n<meta property=\"og:site_name\" content=\"Calinos Holding\" \/>\n<meta property=\"article:publisher\" content=\"https:\/\/www.facebook.com\/people\/Calinos-Holding\/100067890067056\/?fref=ts\" \/>\n<meta property=\"article:modified_time\" content=\"2023-11-04T06:25:41+00:00\" \/>\n<meta property=\"og:image\" content=\"https:\/\/calinos.com\/wp-content\/uploads\/2023\/09\/calinos-logo-v2.png\" \/>\n\t<meta property=\"og:image:width\" content=\"1000\" \/>\n\t<meta property=\"og:image:height\" content=\"134\" \/>\n\t<meta property=\"og:image:type\" content=\"image\/png\" \/>\n<meta name=\"twitter:card\" content=\"summary_large_image\" \/>\n<meta name=\"twitter:site\" content=\"@CalinosEnt\" \/>\n<script type=\"application\/ld+json\" class=\"yoast-schema-graph\">{\"@context\":\"https:\/\/schema.org\",\"@graph\":[{\"@type\":\"WebPage\",\"@id\":\"https:\/\/calinos.com\/bize-ulasin\/\",\"url\":\"https:\/\/calinos.com\/bize-ulasin\/\",\"name\":\"Contact us - Calinos Holding\",\"isPartOf\":{\"@id\":\"https:\/\/calinos.com\/#website\"},\"datePublished\":\"2023-09-11T06:27:39+00:00\",\"dateModified\":\"2023-11-04T06:25:41+00:00\",\"breadcrumb\":{\"@id\":\"https:\/\/calinos.com\/bize-ulasin\/#breadcrumb\"},\"inLanguage\":\"en-US\",\"potentialAction\":[{\"@type\":\"ReadAction\",\"target\":[\"https:\/\/calinos.com\/bize-ulasin\/\"]}]},{\"@type\":\"BreadcrumbList\",\"@id\":\"https:\/\/calinos.com\/bize-ulasin\/#breadcrumb\",\"itemListElement\":[{\"@type\":\"ListItem\",\"position\":1,\"name\":\"Anasayfa\",\"item\":\"https:\/\/calinos.com\/en\/\"},{\"@type\":\"ListItem\",\"position\":2,\"name\":\"Contact us\"}]},{\"@type\":\"WebSite\",\"@id\":\"https:\/\/calinos.com\/#website\",\"url\":\"https:\/\/calinos.com\/\",\"name\":\"Calinos Holding\",\"description\":\"Yenilik\u00e7i, \u00f6nc\u00fc, kapsay\u0131c\u0131, kaliteli ve s\u00fcrd\u00fcr\u00fclebilir hizmet\",\"publisher\":{\"@id\":\"https:\/\/calinos.com\/#organization\"},\"potentialAction\":[{\"@type\":\"SearchAction\",\"target\":{\"@type\":\"EntryPoint\",\"urlTemplate\":\"https:\/\/calinos.com\/?s={search_term_string}\"},\"query-input\":{\"@type\":\"PropertyValueSpecification\",\"valueRequired\":true,\"valueName\":\"search_term_string\"}}],\"inLanguage\":\"en-US\"},{\"@type\":\"Organization\",\"@id\":\"https:\/\/calinos.com\/#organization\",\"name\":\"Calinos Holding\",\"url\":\"https:\/\/calinos.com\/\",\"logo\":{\"@type\":\"ImageObject\",\"inLanguage\":\"en-US\",\"@id\":\"https:\/\/calinos.com\/#\/schema\/logo\/image\/\",\"url\":\"https:\/\/calinos.com\/wp-content\/uploads\/2023\/08\/Calinos-Holding-logo.png\",\"contentUrl\":\"https:\/\/calinos.com\/wp-content\/uploads\/2023\/08\/Calinos-Holding-logo.png\",\"width\":1000,\"height\":242,\"caption\":\"Calinos Holding\"},\"image\":{\"@id\":\"https:\/\/calinos.com\/#\/schema\/logo\/image\/\"},\"sameAs\":[\"https:\/\/www.facebook.com\/people\/Calinos-Holding\/100067890067056\/?fref=ts\",\"https:\/\/x.com\/CalinosEnt\"]}]}<\/script>\n<!-- \/ Yoast SEO plugin. -->","yoast_head_json":{"title":"Contact us - Calinos Holding","robots":{"index":"index","follow":"follow","max-snippet":"max-snippet:-1","max-image-preview":"max-image-preview:large","max-video-preview":"max-video-preview:-1"},"canonical":"https:\/\/calinos.com\/bize-ulasin\/","og_locale":"en_US","og_type":"article","og_title":"Contact us - Calinos Holding","og_description":"Contact us Facebook Twitter Linkedin Contact Information Address Kavac\u0131k Mah. Ekinciler Cad. Elbistan \u00c7\u0131kmaz\u0131 Sok. No:6 Beykoz, Istanbul \/ TURKEY Telephone +90 (216) 999 4 999 E Mail bilgi@calinos.com","og_url":"https:\/\/calinos.com\/bize-ulasin\/","og_site_name":"Calinos Holding","article_publisher":"https:\/\/www.facebook.com\/people\/Calinos-Holding\/100067890067056\/?fref=ts","article_modified_time":"2023-11-04T06:25:41+00:00","og_image":[{"width":1000,"height":134,"url":"https:\/\/calinos.com\/wp-content\/uploads\/2023\/09\/calinos-logo-v2.png","type":"image\/png"}],"twitter_card":"summary_large_image","twitter_site":"@CalinosEnt","schema":{"@context":"https:\/\/schema.org","@graph":[{"@type":"WebPage","@id":"https:\/\/calinos.com\/bize-ulasin\/","url":"https:\/\/calinos.com\/bize-ulasin\/","name":"Contact us - Calinos Holding","isPartOf":{"@id":"https:\/\/calinos.com\/#website"},"datePublished":"2023-09-11T06:27:39+00:00","dateModified":"2023-11-04T06:25:41+00:00","breadcrumb":{"@id":"https:\/\/calinos.com\/bize-ulasin\/#breadcrumb"},"inLanguage":"en-US","potentialAction":[{"@type":"ReadAction","target":["https:\/\/calinos.com\/bize-ulasin\/"]}]},{"@type":"BreadcrumbList","@id":"https:\/\/calinos.com\/bize-ulasin\/#breadcrumb","itemListElement":[{"@type":"ListItem","position":1,"name":"Anasayfa","item":"https:\/\/calinos.com\/en\/"},{"@type":"ListItem","position":2,"name":"Contact us"}]},{"@type":"WebSite","@id":"https:\/\/calinos.com\/#website","url":"https:\/\/calinos.com\/","name":"Calinos Holding","description":"Yenilik\u00e7i, \u00f6nc\u00fc, kapsay\u0131c\u0131, kaliteli ve s\u00fcrd\u00fcr\u00fclebilir hizmet","publisher":{"@id":"https:\/\/calinos.com\/#organization"},"potentialAction":[{"@type":"SearchAction","target":{"@type":"EntryPoint","urlTemplate":"https:\/\/calinos.com\/?s={search_term_string}"},"query-input":{"@type":"PropertyValueSpecification","valueRequired":true,"valueName":"search_term_string"}}],"inLanguage":"en-US"},{"@type":"Organization","@id":"https:\/\/calinos.com\/#organization","name":"Calinos Holding","url":"https:\/\/calinos.com\/","logo":{"@type":"ImageObject","inLanguage":"en-US","@id":"https:\/\/calinos.com\/#\/schema\/logo\/image\/","url":"https:\/\/calinos.com\/wp-content\/uploads\/2023\/08\/Calinos-Holding-logo.png","contentUrl":"https:\/\/calinos.com\/wp-content\/uploads\/2023\/08\/Calinos-Holding-logo.png","width":1000,"height":242,"caption":"Calinos Holding"},"image":{"@id":"https:\/\/calinos.com\/#\/schema\/logo\/image\/"},"sameAs":["https:\/\/www.facebook.com\/people\/Calinos-Holding\/100067890067056\/?fref=ts","https:\/\/x.com\/CalinosEnt"]}]}},"_links":{"self":[{"href":"https:\/\/calinos.com\/en\/wp-json\/wp\/v2\/pages\/2690","targetHints":{"allow":["GET"]}}],"collection":[{"href":"https:\/\/calinos.com\/en\/wp-json\/wp\/v2\/pages"}],"about":[{"href":"https:\/\/calinos.com\/en\/wp-json\/wp\/v2\/types\/page"}],"author":[{"embeddable":true,"href":"https:\/\/calinos.com\/en\/wp-json\/wp\/v2\/users\/1"}],"replies":[{"embeddable":true,"href":"https:\/\/calinos.com\/en\/wp-json\/wp\/v2\/comments?post=2690"}],"version-history":[{"count":1,"href":"https:\/\/calinos.com\/en\/wp-json\/wp\/v2\/pages\/2690\/revisions"}],"predecessor-version":[{"id":2691,"href":"https:\/\/calinos.com\/en\/wp-json\/wp\/v2\/pages\/2690\/revisions\/2691"}],"wp:attachment":[{"href":"https:\/\/calinos.com\/en\/wp-json\/wp\/v2\/media?parent=2690"}],"curies":[{"name":"wp","href":"https:\/\/api.w.org\/{rel}","templated":true}]}}